{"id":255,"date":"2025-07-10T15:46:54","date_gmt":"2025-07-10T15:46:54","guid":{"rendered":"https:\/\/lac.tdsynnex.com\/lp\/?page_id=255"},"modified":"2026-01-21T20:14:00","modified_gmt":"2026-01-21T20:14:00","slug":"thank-you-page","status":"publish","type":"page","link":"https:\/\/lac.tdsynnex.com\/lp\/pt\/lac\/making-it-personal\/thank-you-page\/","title":{"rendered":"Thank You page"},"content":{"rendered":"\t\t<div data-elementor-type=\"wp-page\" data-elementor-id=\"255\" class=\"elementor elementor-255\" data-elementor-post-type=\"page\">\n\t\t\t\t<div class=\"elementor-element elementor-element-0ce591e e-flex e-con-boxed e-con e-parent\" data-id=\"0ce591e\" data-element_type=\"container\" data-e-type=\"container\" data-settings=\"{&quot;background_background&quot;:&quot;classic&quot;}\">\n\t\t\t\t\t<div class=\"e-con-inner\">\n\t\t<div class=\"elementor-element elementor-element-f349bdb e-con-full e-flex e-con e-child\" data-id=\"f349bdb\" data-element_type=\"container\" data-e-type=\"container\">\n\t\t\t\t<div class=\"elementor-element elementor-element-026a342 elementor-widget elementor-widget-image\" data-id=\"026a342\" data-element_type=\"widget\" data-e-type=\"widget\" data-widget_type=\"image.default\">\n\t\t\t\t\t\t\t\t\t\t\t\t\t\t\t<img decoding=\"async\" width=\"169\" height=\"66\" src=\"https:\/\/lac.tdsynnex.com\/lp\/wp-content\/uploads\/sites\/39\/2025\/07\/33a69596-logos-04_104p01u000000000000028.png\" class=\"attachment-large size-large wp-image-15\" alt=\"\" \/>\t\t\t\t\t\t\t\t\t\t\t\t\t\t\t<\/div>\n\t\t\t\t<div class=\"elementor-element elementor-element-4265dfd elementor-absolute elementor-widget elementor-widget-image\" data-id=\"4265dfd\" data-element_type=\"widget\" data-e-type=\"widget\" data-settings=\"{&quot;_position&quot;:&quot;absolute&quot;}\" data-widget_type=\"image.default\">\n\t\t\t\t\t\t\t\t\t\t\t\t\t\t\t<img fetchpriority=\"high\" decoding=\"async\" width=\"302\" height=\"302\" src=\"https:\/\/lac.tdsynnex.com\/lp\/wp-content\/uploads\/sites\/39\/2025\/07\/77f9b3de-verde-neon_108e08e000000000000028.png\" class=\"attachment-full size-full wp-image-110\" alt=\"\" \/>\t\t\t\t\t\t\t\t\t\t\t\t\t\t\t<\/div>\n\t\t\t\t<div class=\"elementor-element elementor-element-38c7b99 elementor-widget elementor-widget-image\" data-id=\"38c7b99\" data-element_type=\"widget\" data-e-type=\"widget\" data-widget_type=\"image.default\">\n\t\t\t\t\t\t\t\t\t\t\t\t\t\t\t<img decoding=\"async\" width=\"425\" height=\"81\" src=\"https:\/\/lac.tdsynnex.com\/lp\/wp-content\/uploads\/sites\/39\/2025\/07\/b14ea91d-texto_10bt05q0bt02900003h028-1.png\" class=\"attachment-full size-full wp-image-40\" alt=\"\" \/>\t\t\t\t\t\t\t\t\t\t\t\t\t\t\t<\/div>\n\t\t\t\t<div class=\"elementor-element elementor-element-59766a1 elementor-widget elementor-widget-heading\" data-id=\"59766a1\" data-element_type=\"widget\" data-e-type=\"widget\" data-widget_type=\"heading.default\">\n\t\t\t\t\t<h2 class=\"elementor-heading-title elementor-size-default\">Obrigado por seu interesse.\n<\/h2>\t\t\t\t<\/div>\n\t\t\t\t<div class=\"elementor-element elementor-element-70bbc0d elementor-widget elementor-widget-text-editor\" data-id=\"70bbc0d\" data-element_type=\"widget\" data-e-type=\"widget\" data-widget_type=\"text-editor.default\">\n\t\t\t\t\t\t\t\t\t<p><br \/>Em breve um dos nossos especialistas entrar\u00e1 em contato com voc\u00ea.<\/p><p>Vamos alcan\u00e7ar novos n\u00edveis de sucesso juntos!<\/p>\t\t\t\t\t\t\t\t<\/div>\n\t\t\t\t<\/div>\n\t\t<div class=\"elementor-element elementor-element-7ef2cd4 e-con-full e-flex e-con e-child\" data-id=\"7ef2cd4\" data-element_type=\"container\" data-e-type=\"container\">\n\t\t\t\t<div class=\"elementor-element elementor-element-9f9f5d6 elementor-hidden-mobile elementor-widget elementor-widget-image\" data-id=\"9f9f5d6\" data-element_type=\"widget\" data-e-type=\"widget\" data-widget_type=\"image.default\">\n\t\t\t\t\t\t\t\t\t\t\t\t\t\t\t<img loading=\"lazy\" decoding=\"async\" width=\"569\" height=\"568\" src=\"https:\/\/lac.tdsynnex.com\/lp\/wp-content\/uploads\/sites\/39\/2025\/07\/2194c6ce-ellipse-1_10ft0fs000000000000028-1.png\" class=\"attachment-full size-full wp-image-53\" alt=\"\" \/>\t\t\t\t\t\t\t\t\t\t\t\t\t\t\t<\/div>\n\t\t\t\t<div class=\"elementor-element elementor-element-8f5d10d elementor-absolute elementor-hidden-mobile elementor-widget elementor-widget-image\" data-id=\"8f5d10d\" data-element_type=\"widget\" data-e-type=\"widget\" data-settings=\"{&quot;_position&quot;:&quot;absolute&quot;}\" data-widget_type=\"image.default\">\n\t\t\t\t\t\t\t\t\t\t\t\t\t\t\t<img decoding=\"async\" src=\"https:\/\/d9hhrg4mnvzow.cloudfront.net\/lp.lac.tdsynnex.com\/es\/lac\/making-it-personal\/1afc230d-circle_10ac0ac000000000000028.png\" title=\"\" alt=\"\" loading=\"lazy\" \/>\t\t\t\t\t\t\t\t\t\t\t\t\t\t\t<\/div>\n\t\t\t\t<\/div>\n\t\t\t\t\t<\/div>\n\t\t\t\t<\/div>\n\t\t<div class=\"elementor-element elementor-element-18366fc e-flex e-con-boxed e-con e-parent\" data-id=\"18366fc\" data-element_type=\"container\" data-e-type=\"container\" data-settings=\"{&quot;background_background&quot;:&quot;classic&quot;}\">\n\t\t\t\t\t<div class=\"e-con-inner\">\n\t\t\t\t<div class=\"elementor-element elementor-element-369462a elementor-widget elementor-widget-heading\" data-id=\"369462a\" data-element_type=\"widget\" data-e-type=\"widget\" data-widget_type=\"heading.default\">\n\t\t\t\t\t<p class=\"elementor-heading-title elementor-size-default\">\u00a9 2026 TD SYNNEX Corporation, 44201 Nobel Drive, Fremont, CA 94538, USA, Tel: +1 954 308 057<\/p>\t\t\t\t<\/div>\n\t\t\t\t\t<\/div>\n\t\t\t\t<\/div>\n\t\t\t\t<\/div>\n\t\t","protected":false},"excerpt":{"rendered":"<p>Obrigado por seu interesse. Em breve um dos nossos especialistas entrar\u00e1 em contato com voc\u00ea. Vamos alcan\u00e7ar novos n\u00edveis de sucesso juntos! \u00a9 2026 TD SYNNEX Corporation, 44201 Nobel Drive, Fremont, CA 94538, USA, Tel: +1 954 308 057<\/p>\n","protected":false},"author":20,"featured_media":0,"parent":1308,"menu_order":0,"comment_status":"closed","ping_status":"closed","template":"elementor_canvas","meta":{"_acf_changed":false,"footnotes":""},"class_list":["post-255","page","type-page","status-publish","hentry"],"acf":[],"yoast_head":"<!-- This site is optimized with the Yoast SEO plugin v25.7 - https:\/\/yoast.com\/wordpress\/plugins\/seo\/ -->\n<title>TD SYNNEX Making IT Personal Thank You<\/title>\n<meta name=\"robots\" content=\"index, follow, max-snippet:-1, max-image-preview:large, max-video-preview:-1\" \/>\n<link rel=\"canonical\" href=\"https:\/\/lac.tdsynnex.com\/lp\/pt\/lac\/making-it-personal\/thank-you-page\/\" \/>\n<meta property=\"og:locale\" content=\"pt_BR\" \/>\n<meta property=\"og:type\" content=\"article\" \/>\n<meta property=\"og:title\" content=\"TD SYNNEX Making IT Personal Thank You\" \/>\n<meta property=\"og:description\" content=\"Obrigado por seu interesse. Em breve um dos nossos especialistas entrar\u00e1 em contato com voc\u00ea. Vamos alcan\u00e7ar novos n\u00edveis de sucesso juntos! \u00a9 2026 TD SYNNEX Corporation, 44201 Nobel Drive, Fremont, CA 94538, USA, Tel: +1 954 308 057\" \/>\n<meta property=\"og:url\" content=\"https:\/\/lac.tdsynnex.com\/lp\/pt\/lac\/making-it-personal\/thank-you-page\/\" \/>\n<meta property=\"og:site_name\" content=\"landingpages\" \/>\n<meta property=\"article:modified_time\" content=\"2026-01-21T20:14:00+00:00\" \/>\n<meta property=\"og:image\" content=\"https:\/\/lac.tdsynnex.com\/lp\/wp-content\/uploads\/sites\/39\/2025\/07\/33a69596-logos-04_104p01u000000000000028.png\" \/>\n<meta name=\"twitter:card\" content=\"summary_large_image\" \/>\n<meta name=\"twitter:label1\" content=\"Est. tempo de leitura\" \/>\n\t<meta name=\"twitter:data1\" content=\"1 minuto\" \/>\n<script type=\"application\/ld+json\" class=\"yoast-schema-graph\">{\"@context\":\"https:\/\/schema.org\",\"@graph\":[{\"@type\":\"WebPage\",\"@id\":\"https:\/\/lac.tdsynnex.com\/lp\/pt\/lac\/making-it-personal\/thank-you-page\/\",\"url\":\"https:\/\/lac.tdsynnex.com\/lp\/pt\/lac\/making-it-personal\/thank-you-page\/\",\"name\":\"TD SYNNEX Making IT Personal Thank You\",\"isPartOf\":{\"@id\":\"https:\/\/lac.tdsynnex.com\/lp\/#website\"},\"primaryImageOfPage\":{\"@id\":\"https:\/\/lac.tdsynnex.com\/lp\/pt\/lac\/making-it-personal\/thank-you-page\/#primaryimage\"},\"image\":{\"@id\":\"https:\/\/lac.tdsynnex.com\/lp\/pt\/lac\/making-it-personal\/thank-you-page\/#primaryimage\"},\"thumbnailUrl\":\"https:\/\/lac.tdsynnex.com\/lp\/wp-content\/uploads\/sites\/39\/2025\/07\/33a69596-logos-04_104p01u000000000000028.png\",\"datePublished\":\"2025-07-10T15:46:54+00:00\",\"dateModified\":\"2026-01-21T20:14:00+00:00\",\"breadcrumb\":{\"@id\":\"https:\/\/lac.tdsynnex.com\/lp\/pt\/lac\/making-it-personal\/thank-you-page\/#breadcrumb\"},\"inLanguage\":\"pt-BR\",\"potentialAction\":[{\"@type\":\"ReadAction\",\"target\":[\"https:\/\/lac.tdsynnex.com\/lp\/pt\/lac\/making-it-personal\/thank-you-page\/\"]}]},{\"@type\":\"ImageObject\",\"inLanguage\":\"pt-BR\",\"@id\":\"https:\/\/lac.tdsynnex.com\/lp\/pt\/lac\/making-it-personal\/thank-you-page\/#primaryimage\",\"url\":\"https:\/\/lac.tdsynnex.com\/lp\/wp-content\/uploads\/sites\/39\/2025\/07\/33a69596-logos-04_104p01u000000000000028.png\",\"contentUrl\":\"https:\/\/lac.tdsynnex.com\/lp\/wp-content\/uploads\/sites\/39\/2025\/07\/33a69596-logos-04_104p01u000000000000028.png\",\"width\":169,\"height\":66},{\"@type\":\"BreadcrumbList\",\"@id\":\"https:\/\/lac.tdsynnex.com\/lp\/pt\/lac\/making-it-personal\/thank-you-page\/#breadcrumb\",\"itemListElement\":[{\"@type\":\"ListItem\",\"position\":1,\"name\":\"Home\",\"item\":\"https:\/\/lac.tdsynnex.com\/lp\/\"},{\"@type\":\"ListItem\",\"position\":2,\"name\":\"pt\",\"item\":\"https:\/\/lac.tdsynnex.com\/lp\/pt\/\"},{\"@type\":\"ListItem\",\"position\":3,\"name\":\"lac\",\"item\":\"https:\/\/lac.tdsynnex.com\/lp\/pt\/lac\/\"},{\"@type\":\"ListItem\",\"position\":4,\"name\":\"Making It Personal\",\"item\":\"https:\/\/lac.tdsynnex.com\/lp\/pt\/lac\/making-it-personal\/\"},{\"@type\":\"ListItem\",\"position\":5,\"name\":\"Thank You page\"}]},{\"@type\":\"WebSite\",\"@id\":\"https:\/\/lac.tdsynnex.com\/lp\/#website\",\"url\":\"https:\/\/lac.tdsynnex.com\/lp\/\",\"name\":\"landingpages\",\"description\":\"\",\"publisher\":{\"@id\":\"https:\/\/lac.tdsynnex.com\/lp\/#organization\"},\"potentialAction\":[{\"@type\":\"SearchAction\",\"target\":{\"@type\":\"EntryPoint\",\"urlTemplate\":\"https:\/\/lac.tdsynnex.com\/lp\/?s={search_term_string}\"},\"query-input\":{\"@type\":\"PropertyValueSpecification\",\"valueRequired\":true,\"valueName\":\"search_term_string\"}}],\"inLanguage\":\"pt-BR\"},{\"@type\":\"Organization\",\"@id\":\"https:\/\/lac.tdsynnex.com\/lp\/#organization\",\"name\":\"landingpages\",\"url\":\"https:\/\/lac.tdsynnex.com\/lp\/\",\"logo\":{\"@type\":\"ImageObject\",\"inLanguage\":\"pt-BR\",\"@id\":\"https:\/\/lac.tdsynnex.com\/lp\/#\/schema\/logo\/image\/\",\"url\":\"https:\/\/lac.tdsynnex.com\/lp\/wp-content\/uploads\/sites\/39\/2025\/07\/33a69596-logos-04_104p01u000000000000028.png\",\"contentUrl\":\"https:\/\/lac.tdsynnex.com\/lp\/wp-content\/uploads\/sites\/39\/2025\/07\/33a69596-logos-04_104p01u000000000000028.png\",\"width\":169,\"height\":66,\"caption\":\"landingpages\"},\"image\":{\"@id\":\"https:\/\/lac.tdsynnex.com\/lp\/#\/schema\/logo\/image\/\"}}]}<\/script>\n<!-- \/ Yoast SEO plugin. -->","yoast_head_json":{"title":"TD SYNNEX Making IT Personal Thank You","robots":{"index":"index","follow":"follow","max-snippet":"max-snippet:-1","max-image-preview":"max-image-preview:large","max-video-preview":"max-video-preview:-1"},"canonical":"https:\/\/lac.tdsynnex.com\/lp\/pt\/lac\/making-it-personal\/thank-you-page\/","og_locale":"pt_BR","og_type":"article","og_title":"TD SYNNEX Making IT Personal Thank You","og_description":"Obrigado por seu interesse. Em breve um dos nossos especialistas entrar\u00e1 em contato com voc\u00ea. Vamos alcan\u00e7ar novos n\u00edveis de sucesso juntos! \u00a9 2026 TD SYNNEX Corporation, 44201 Nobel Drive, Fremont, CA 94538, USA, Tel: +1 954 308 057","og_url":"https:\/\/lac.tdsynnex.com\/lp\/pt\/lac\/making-it-personal\/thank-you-page\/","og_site_name":"landingpages","article_modified_time":"2026-01-21T20:14:00+00:00","og_image":[{"url":"https:\/\/lac.tdsynnex.com\/lp\/wp-content\/uploads\/sites\/39\/2025\/07\/33a69596-logos-04_104p01u000000000000028.png","type":"","width":"","height":""}],"twitter_card":"summary_large_image","twitter_misc":{"Est. tempo de leitura":"1 minuto"},"schema":{"@context":"https:\/\/schema.org","@graph":[{"@type":"WebPage","@id":"https:\/\/lac.tdsynnex.com\/lp\/pt\/lac\/making-it-personal\/thank-you-page\/","url":"https:\/\/lac.tdsynnex.com\/lp\/pt\/lac\/making-it-personal\/thank-you-page\/","name":"TD SYNNEX Making IT Personal Thank You","isPartOf":{"@id":"https:\/\/lac.tdsynnex.com\/lp\/#website"},"primaryImageOfPage":{"@id":"https:\/\/lac.tdsynnex.com\/lp\/pt\/lac\/making-it-personal\/thank-you-page\/#primaryimage"},"image":{"@id":"https:\/\/lac.tdsynnex.com\/lp\/pt\/lac\/making-it-personal\/thank-you-page\/#primaryimage"},"thumbnailUrl":"https:\/\/lac.tdsynnex.com\/lp\/wp-content\/uploads\/sites\/39\/2025\/07\/33a69596-logos-04_104p01u000000000000028.png","datePublished":"2025-07-10T15:46:54+00:00","dateModified":"2026-01-21T20:14:00+00:00","breadcrumb":{"@id":"https:\/\/lac.tdsynnex.com\/lp\/pt\/lac\/making-it-personal\/thank-you-page\/#breadcrumb"},"inLanguage":"pt-BR","potentialAction":[{"@type":"ReadAction","target":["https:\/\/lac.tdsynnex.com\/lp\/pt\/lac\/making-it-personal\/thank-you-page\/"]}]},{"@type":"ImageObject","inLanguage":"pt-BR","@id":"https:\/\/lac.tdsynnex.com\/lp\/pt\/lac\/making-it-personal\/thank-you-page\/#primaryimage","url":"https:\/\/lac.tdsynnex.com\/lp\/wp-content\/uploads\/sites\/39\/2025\/07\/33a69596-logos-04_104p01u000000000000028.png","contentUrl":"https:\/\/lac.tdsynnex.com\/lp\/wp-content\/uploads\/sites\/39\/2025\/07\/33a69596-logos-04_104p01u000000000000028.png","width":169,"height":66},{"@type":"BreadcrumbList","@id":"https:\/\/lac.tdsynnex.com\/lp\/pt\/lac\/making-it-personal\/thank-you-page\/#breadcrumb","itemListElement":[{"@type":"ListItem","position":1,"name":"Home","item":"https:\/\/lac.tdsynnex.com\/lp\/"},{"@type":"ListItem","position":2,"name":"pt","item":"https:\/\/lac.tdsynnex.com\/lp\/pt\/"},{"@type":"ListItem","position":3,"name":"lac","item":"https:\/\/lac.tdsynnex.com\/lp\/pt\/lac\/"},{"@type":"ListItem","position":4,"name":"Making It Personal","item":"https:\/\/lac.tdsynnex.com\/lp\/pt\/lac\/making-it-personal\/"},{"@type":"ListItem","position":5,"name":"Thank You page"}]},{"@type":"WebSite","@id":"https:\/\/lac.tdsynnex.com\/lp\/#website","url":"https:\/\/lac.tdsynnex.com\/lp\/","name":"landingpages","description":"","publisher":{"@id":"https:\/\/lac.tdsynnex.com\/lp\/#organization"},"potentialAction":[{"@type":"SearchAction","target":{"@type":"EntryPoint","urlTemplate":"https:\/\/lac.tdsynnex.com\/lp\/?s={search_term_string}"},"query-input":{"@type":"PropertyValueSpecification","valueRequired":true,"valueName":"search_term_string"}}],"inLanguage":"pt-BR"},{"@type":"Organization","@id":"https:\/\/lac.tdsynnex.com\/lp\/#organization","name":"landingpages","url":"https:\/\/lac.tdsynnex.com\/lp\/","logo":{"@type":"ImageObject","inLanguage":"pt-BR","@id":"https:\/\/lac.tdsynnex.com\/lp\/#\/schema\/logo\/image\/","url":"https:\/\/lac.tdsynnex.com\/lp\/wp-content\/uploads\/sites\/39\/2025\/07\/33a69596-logos-04_104p01u000000000000028.png","contentUrl":"https:\/\/lac.tdsynnex.com\/lp\/wp-content\/uploads\/sites\/39\/2025\/07\/33a69596-logos-04_104p01u000000000000028.png","width":169,"height":66,"caption":"landingpages"},"image":{"@id":"https:\/\/lac.tdsynnex.com\/lp\/#\/schema\/logo\/image\/"}}]}},"_links":{"self":[{"href":"https:\/\/lac.tdsynnex.com\/lp\/wp-json\/wp\/v2\/pages\/255","targetHints":{"allow":["GET"]}}],"collection":[{"href":"https:\/\/lac.tdsynnex.com\/lp\/wp-json\/wp\/v2\/pages"}],"about":[{"href":"https:\/\/lac.tdsynnex.com\/lp\/wp-json\/wp\/v2\/types\/page"}],"author":[{"embeddable":true,"href":"https:\/\/lac.tdsynnex.com\/lp\/wp-json\/wp\/v2\/users\/20"}],"replies":[{"embeddable":true,"href":"https:\/\/lac.tdsynnex.com\/lp\/wp-json\/wp\/v2\/comments?post=255"}],"version-history":[{"count":4,"href":"https:\/\/lac.tdsynnex.com\/lp\/wp-json\/wp\/v2\/pages\/255\/revisions"}],"predecessor-version":[{"id":1578,"href":"https:\/\/lac.tdsynnex.com\/lp\/wp-json\/wp\/v2\/pages\/255\/revisions\/1578"}],"up":[{"embeddable":true,"href":"https:\/\/lac.tdsynnex.com\/lp\/wp-json\/wp\/v2\/pages\/1308"}],"wp:attachment":[{"href":"https:\/\/lac.tdsynnex.com\/lp\/wp-json\/wp\/v2\/media?parent=255"}],"curies":[{"name":"wp","href":"https:\/\/api.w.org\/{rel}","templated":true}]}}